

{"id":714,"date":"2025-05-16T15:36:42","date_gmt":"2025-05-16T13:36:42","guid":{"rendered":"https:\/\/mpelka-informatique.fr\/?page_id=714"},"modified":"2025-12-21T15:00:45","modified_gmt":"2025-12-21T14:00:45","slug":"zones-dintervention","status":"publish","type":"page","link":"https:\/\/mpelka-informatique.fr\/index.php\/zones-dintervention\/","title":{"rendered":"Zones d&rsquo;intervention :"},"content":{"rendered":"\n<div class=\"wp-block-group has-background is-layout-constrained wp-block-group-is-layout-constrained\" style=\"background-color:#2b3a49;min-height:200px\">\n<div class=\"wp-block-group is-layout-constrained wp-block-group-is-layout-constrained\">\n<div style=\"height:37px\" aria-hidden=\"true\" class=\"wp-block-spacer\"><\/div>\n\n\n\n<h1 class=\"wp-block-heading has-text-align-center has-ast-global-color-5-color has-text-color has-link-color wp-elements-fe39d815d68d717bb316b2152b4238a9\">Zones d&rsquo;intervention :<\/h1>\n<\/div>\n<\/div>\n\n\n\n<div class=\"wp-block-group has-background is-layout-constrained wp-block-group-is-layout-constrained\" style=\"background-color:#e8f6fc\">\n<div class=\"wp-block-group is-layout-constrained wp-container-core-group-is-layout-c385debf wp-block-group-is-layout-constrained\" style=\"padding-top:var(--wp--preset--spacing--20);padding-right:var(--wp--preset--spacing--20);padding-bottom:var(--wp--preset--spacing--20);padding-left:var(--wp--preset--spacing--20)\">\n<div class=\"wp-block-group is-layout-constrained wp-block-group-is-layout-constrained\">\n<p><strong>Bas\u00e9 \u00e0 Yutz, j\u2019interviens \u00e0 domicile et en entreprise en Moselle.<\/strong><\/p>\n<\/div>\n\n\n\n<div class=\"wp-block-group is-layout-constrained wp-block-group-is-layout-constrained\">\n<p>Le d\u00e9placement est <strong>offert pour les 20 premiers kilom\u00e8tres<\/strong> autour de Yutz. Au-del\u00e0, un suppl\u00e9ment de <strong>5 \u20ac par tranche de 10 km suppl\u00e9mentaires<\/strong> sera appliqu\u00e9 (dans la limite de 25 km).<\/p>\n<\/div>\n\n\n\n<div class=\"wp-block-group is-layout-constrained wp-block-group-is-layout-constrained\">\n<p>Que vous soyez un particulier ou un professionnel, je me d\u00e9place pour vous d\u00e9panner, installer ou maintenir vos \u00e9quipements informatiques et r\u00e9seaux. Consultez ci-dessous la liste des communes desservies !<\/p>\n<\/div>\n<\/div>\n<\/div>\n\n\n\n<div class=\"wp-block-group has-background is-layout-constrained wp-block-group-is-layout-constrained\" style=\"background-color:#e8f6fc;min-height:400px\">\n<h2 class=\"wp-block-heading\">Communes desservies :<\/h2>\n\n\n\n<p>Yutz, Thionville, Terville, Manom, Basse-Ham, Illange, Gu\u00e9nange, Florange, Fameck, Uckange, Mondelange, Richemont, Bertrange, Hayange, Ser\u00e9mange-Erzange, Nilvange, Algrange, Hettange-Grande, Cattenom, Volmerange-les-Mines, Metzervisse, Kuntzig, Bousse, Distroff, Rurange-l\u00e8s-Thionville, Maizi\u00e8res-l\u00e8s-Metz, Hagondange, Amn\u00e9ville, Mondorff, Zoufftgen, et Metz.  <\/p>\n\n\n\n<p>Possibilit\u00e9 de d\u00e9placement sur d&rsquo;autres communes sur demande.<\/p>\n<\/div>\n","protected":false},"excerpt":{"rendered":"<p>Zones d&rsquo;intervention : Bas\u00e9 \u00e0 Yutz, j\u2019interviens \u00e0 domicile et en entreprise en Moselle. Le d\u00e9placement est offert pour les 20 premiers kilom\u00e8tres autour de Yutz. Au-del\u00e0, un suppl\u00e9ment de 5 \u20ac par tranche de 10 km suppl\u00e9mentaires sera appliqu\u00e9 (dans la limite de 25 km). Que vous soyez un particulier ou un professionnel, je [&hellip;]<\/p>\n","protected":false},"author":1,"featured_media":0,"parent":0,"menu_order":0,"comment_status":"closed","ping_status":"closed","template":"","meta":{"site-sidebar-layout":"default","site-content-layout":"","ast-site-content-layout":"","site-content-style":"default","site-sidebar-style":"default","ast-global-header-display":"","ast-banner-title-visibility":"","ast-main-header-display":"","ast-hfb-above-header-display":"","ast-hfb-below-header-display":"","ast-hfb-mobile-header-display":"","site-post-title":"disabled","ast-breadcrumbs-content":"","ast-featured-img":"","footer-sml-layout":"","ast-disable-related-posts":"","theme-transparent-header-meta":"","adv-header-id-meta":"","stick-header-meta":"","header-above-stick-meta":"","header-main-stick-meta":"","header-below-stick-meta":"","astra-migrate-meta-layouts":"default","ast-page-background-enabled":"default","ast-page-background-meta":{"desktop":{"background-color":"var(--ast-global-color-4)","background-image":"","background-repeat":"repeat","background-position":"center center","background-size":"auto","background-attachment":"scroll","background-type":"","background-media":"","overlay-type":"","overlay-color":"","overlay-gradient":""},"tablet":{"background-color":"","background-image":"","background-repeat":"repeat","background-position":"center center","background-size":"auto","background-attachment":"scroll","background-type":"","background-media":"","overlay-type":"","overlay-color":"","overlay-gradient":""},"mobile":{"background-color":"","background-image":"","background-repeat":"repeat","background-position":"center center","background-size":"auto","background-attachment":"scroll","background-type":"","background-media":"","overlay-type":"","overlay-color":"","overlay-gradient":""}},"ast-content-background-meta":{"desktop":{"background-color":"var(--ast-global-color-5)","background-image":"","background-repeat":"repeat","background-position":"center center","background-size":"auto","background-attachment":"scroll","background-type":"","background-media":"","overlay-type":"","overlay-color":"","overlay-gradient":""},"tablet":{"background-color":"var(--ast-global-color-5)","background-image":"","background-repeat":"repeat","background-position":"center center","background-size":"auto","background-attachment":"scroll","background-type":"","background-media":"","overlay-type":"","overlay-color":"","overlay-gradient":""},"mobile":{"background-color":"var(--ast-global-color-5)","background-image":"","background-repeat":"repeat","background-position":"center center","background-size":"auto","background-attachment":"scroll","background-type":"","background-media":"","overlay-type":"","overlay-color":"","overlay-gradient":""}},"_themeisle_gutenberg_block_has_review":false,"footnotes":""},"class_list":["post-714","page","type-page","status-publish","hentry"],"yoast_head":"<!-- This site is optimized with the Yoast SEO plugin v25.6 - https:\/\/yoast.com\/wordpress\/plugins\/seo\/ -->\n<title>Zones d&#039;intervention : - Mickael Pelka<\/title>\n<meta name=\"robots\" content=\"index, follow, max-snippet:-1, max-image-preview:large, max-video-preview:-1\" \/>\n<link rel=\"canonical\" href=\"https:\/\/mpelka-informatique.fr\/index.php\/zones-dintervention\/\" \/>\n<meta property=\"og:locale\" content=\"fr_FR\" \/>\n<meta property=\"og:type\" content=\"article\" \/>\n<meta property=\"og:title\" content=\"Zones d&#039;intervention : - Mickael Pelka\" \/>\n<meta property=\"og:description\" content=\"Zones d&rsquo;intervention : Bas\u00e9 \u00e0 Yutz, j\u2019interviens \u00e0 domicile et en entreprise en Moselle. Le d\u00e9placement est offert pour les 20 premiers kilom\u00e8tres autour de Yutz. Au-del\u00e0, un suppl\u00e9ment de 5 \u20ac par tranche de 10 km suppl\u00e9mentaires sera appliqu\u00e9 (dans la limite de 25 km). Que vous soyez un particulier ou un professionnel, je [&hellip;]\" \/>\n<meta property=\"og:url\" content=\"https:\/\/mpelka-informatique.fr\/index.php\/zones-dintervention\/\" \/>\n<meta property=\"og:site_name\" content=\"Mickael PELKA | Technicien informatique \u00e0 domicile Thionville - Metz\" \/>\n<meta property=\"article:publisher\" content=\"https:\/\/www.facebook.com\/profile.php?id=61556256224620\" \/>\n<meta property=\"article:modified_time\" content=\"2025-12-21T14:00:45+00:00\" \/>\n<meta name=\"twitter:card\" content=\"summary_large_image\" \/>\n<meta name=\"twitter:label1\" content=\"Dur\u00e9e de lecture estim\u00e9e\" \/>\n\t<meta name=\"twitter:data1\" content=\"1 minute\" \/>\n<script type=\"application\/ld+json\" class=\"yoast-schema-graph\">{\"@context\":\"https:\/\/schema.org\",\"@graph\":[{\"@type\":\"WebPage\",\"@id\":\"https:\/\/mpelka-informatique.fr\/index.php\/zones-dintervention\/\",\"url\":\"https:\/\/mpelka-informatique.fr\/index.php\/zones-dintervention\/\",\"name\":\"Zones d'intervention : - Mickael Pelka\",\"isPartOf\":{\"@id\":\"https:\/\/mpelka-informatique.fr\/#website\"},\"datePublished\":\"2025-05-16T13:36:42+00:00\",\"dateModified\":\"2025-12-21T14:00:45+00:00\",\"breadcrumb\":{\"@id\":\"https:\/\/mpelka-informatique.fr\/index.php\/zones-dintervention\/#breadcrumb\"},\"inLanguage\":\"fr-FR\",\"potentialAction\":[{\"@type\":\"ReadAction\",\"target\":[\"https:\/\/mpelka-informatique.fr\/index.php\/zones-dintervention\/\"]}]},{\"@type\":\"BreadcrumbList\",\"@id\":\"https:\/\/mpelka-informatique.fr\/index.php\/zones-dintervention\/#breadcrumb\",\"itemListElement\":[{\"@type\":\"ListItem\",\"position\":1,\"name\":\"Accueil\",\"item\":\"https:\/\/mpelka-informatique.fr\/\"},{\"@type\":\"ListItem\",\"position\":2,\"name\":\"Zones d&rsquo;intervention :\"}]},{\"@type\":\"WebSite\",\"@id\":\"https:\/\/mpelka-informatique.fr\/#website\",\"url\":\"https:\/\/mpelka-informatique.fr\/\",\"name\":\"Mickael PELKA | Technicien informatique \u00e0 domicile Thionville - Metz\",\"description\":\"\",\"publisher\":{\"@id\":\"https:\/\/mpelka-informatique.fr\/#organization\"},\"potentialAction\":[{\"@type\":\"SearchAction\",\"target\":{\"@type\":\"EntryPoint\",\"urlTemplate\":\"https:\/\/mpelka-informatique.fr\/?s={search_term_string}\"},\"query-input\":{\"@type\":\"PropertyValueSpecification\",\"valueRequired\":true,\"valueName\":\"search_term_string\"}}],\"inLanguage\":\"fr-FR\"},{\"@type\":\"Organization\",\"@id\":\"https:\/\/mpelka-informatique.fr\/#organization\",\"name\":\"Mickael PELKA | Technicien informatique \u00e0 domicile Thionville - Metz\",\"url\":\"https:\/\/mpelka-informatique.fr\/\",\"logo\":{\"@type\":\"ImageObject\",\"inLanguage\":\"fr-FR\",\"@id\":\"https:\/\/mpelka-informatique.fr\/#\/schema\/logo\/image\/\",\"url\":\"https:\/\/mpelka-informatique.fr\/wp-content\/uploads\/2025\/05\/cropped-ChatGPT-Image-14-mai-2025-15_14_10-1.png\",\"contentUrl\":\"https:\/\/mpelka-informatique.fr\/wp-content\/uploads\/2025\/05\/cropped-ChatGPT-Image-14-mai-2025-15_14_10-1.png\",\"width\":512,\"height\":512,\"caption\":\"Mickael PELKA | Technicien informatique \u00e0 domicile Thionville - Metz\"},\"image\":{\"@id\":\"https:\/\/mpelka-informatique.fr\/#\/schema\/logo\/image\/\"},\"sameAs\":[\"https:\/\/www.facebook.com\/profile.php?id=61556256224620\"]}]}<\/script>\n<!-- \/ Yoast SEO plugin. -->","yoast_head_json":{"title":"Zones d'intervention : - Mickael Pelka","robots":{"index":"index","follow":"follow","max-snippet":"max-snippet:-1","max-image-preview":"max-image-preview:large","max-video-preview":"max-video-preview:-1"},"canonical":"https:\/\/mpelka-informatique.fr\/index.php\/zones-dintervention\/","og_locale":"fr_FR","og_type":"article","og_title":"Zones d'intervention : - Mickael Pelka","og_description":"Zones d&rsquo;intervention : Bas\u00e9 \u00e0 Yutz, j\u2019interviens \u00e0 domicile et en entreprise en Moselle. Le d\u00e9placement est offert pour les 20 premiers kilom\u00e8tres autour de Yutz. Au-del\u00e0, un suppl\u00e9ment de 5 \u20ac par tranche de 10 km suppl\u00e9mentaires sera appliqu\u00e9 (dans la limite de 25 km). Que vous soyez un particulier ou un professionnel, je [&hellip;]","og_url":"https:\/\/mpelka-informatique.fr\/index.php\/zones-dintervention\/","og_site_name":"Mickael PELKA | Technicien informatique \u00e0 domicile Thionville - Metz","article_publisher":"https:\/\/www.facebook.com\/profile.php?id=61556256224620","article_modified_time":"2025-12-21T14:00:45+00:00","twitter_card":"summary_large_image","twitter_misc":{"Dur\u00e9e de lecture estim\u00e9e":"1 minute"},"schema":{"@context":"https:\/\/schema.org","@graph":[{"@type":"WebPage","@id":"https:\/\/mpelka-informatique.fr\/index.php\/zones-dintervention\/","url":"https:\/\/mpelka-informatique.fr\/index.php\/zones-dintervention\/","name":"Zones d'intervention : - Mickael Pelka","isPartOf":{"@id":"https:\/\/mpelka-informatique.fr\/#website"},"datePublished":"2025-05-16T13:36:42+00:00","dateModified":"2025-12-21T14:00:45+00:00","breadcrumb":{"@id":"https:\/\/mpelka-informatique.fr\/index.php\/zones-dintervention\/#breadcrumb"},"inLanguage":"fr-FR","potentialAction":[{"@type":"ReadAction","target":["https:\/\/mpelka-informatique.fr\/index.php\/zones-dintervention\/"]}]},{"@type":"BreadcrumbList","@id":"https:\/\/mpelka-informatique.fr\/index.php\/zones-dintervention\/#breadcrumb","itemListElement":[{"@type":"ListItem","position":1,"name":"Accueil","item":"https:\/\/mpelka-informatique.fr\/"},{"@type":"ListItem","position":2,"name":"Zones d&rsquo;intervention :"}]},{"@type":"WebSite","@id":"https:\/\/mpelka-informatique.fr\/#website","url":"https:\/\/mpelka-informatique.fr\/","name":"Mickael PELKA | Technicien informatique \u00e0 domicile Thionville - Metz","description":"","publisher":{"@id":"https:\/\/mpelka-informatique.fr\/#organization"},"potentialAction":[{"@type":"SearchAction","target":{"@type":"EntryPoint","urlTemplate":"https:\/\/mpelka-informatique.fr\/?s={search_term_string}"},"query-input":{"@type":"PropertyValueSpecification","valueRequired":true,"valueName":"search_term_string"}}],"inLanguage":"fr-FR"},{"@type":"Organization","@id":"https:\/\/mpelka-informatique.fr\/#organization","name":"Mickael PELKA | Technicien informatique \u00e0 domicile Thionville - Metz","url":"https:\/\/mpelka-informatique.fr\/","logo":{"@type":"ImageObject","inLanguage":"fr-FR","@id":"https:\/\/mpelka-informatique.fr\/#\/schema\/logo\/image\/","url":"https:\/\/mpelka-informatique.fr\/wp-content\/uploads\/2025\/05\/cropped-ChatGPT-Image-14-mai-2025-15_14_10-1.png","contentUrl":"https:\/\/mpelka-informatique.fr\/wp-content\/uploads\/2025\/05\/cropped-ChatGPT-Image-14-mai-2025-15_14_10-1.png","width":512,"height":512,"caption":"Mickael PELKA | Technicien informatique \u00e0 domicile Thionville - Metz"},"image":{"@id":"https:\/\/mpelka-informatique.fr\/#\/schema\/logo\/image\/"},"sameAs":["https:\/\/www.facebook.com\/profile.php?id=61556256224620"]}]}},"_links":{"self":[{"href":"https:\/\/mpelka-informatique.fr\/index.php\/wp-json\/wp\/v2\/pages\/714","targetHints":{"allow":["GET"]}}],"collection":[{"href":"https:\/\/mpelka-informatique.fr\/index.php\/wp-json\/wp\/v2\/pages"}],"about":[{"href":"https:\/\/mpelka-informatique.fr\/index.php\/wp-json\/wp\/v2\/types\/page"}],"author":[{"embeddable":true,"href":"https:\/\/mpelka-informatique.fr\/index.php\/wp-json\/wp\/v2\/users\/1"}],"replies":[{"embeddable":true,"href":"https:\/\/mpelka-informatique.fr\/index.php\/wp-json\/wp\/v2\/comments?post=714"}],"version-history":[{"count":18,"href":"https:\/\/mpelka-informatique.fr\/index.php\/wp-json\/wp\/v2\/pages\/714\/revisions"}],"predecessor-version":[{"id":2356,"href":"https:\/\/mpelka-informatique.fr\/index.php\/wp-json\/wp\/v2\/pages\/714\/revisions\/2356"}],"wp:attachment":[{"href":"https:\/\/mpelka-informatique.fr\/index.php\/wp-json\/wp\/v2\/media?parent=714"}],"curies":[{"name":"wp","href":"https:\/\/api.w.org\/{rel}","templated":true}]}}