

{"id":229,"date":"2024-03-04T17:22:52","date_gmt":"2024-03-04T16:22:52","guid":{"rendered":"https:\/\/mpelka-informatique.fr\/?page_id=229"},"modified":"2026-01-14T16:52:58","modified_gmt":"2026-01-14T15:52:58","slug":"contact","status":"publish","type":"page","link":"https:\/\/mpelka-informatique.fr\/index.php\/contact\/","title":{"rendered":"Contact"},"content":{"rendered":"\n<div class=\"wp-block-group has-background is-layout-constrained wp-block-group-is-layout-constrained\" style=\"background-color:#2b3a49;min-height:225px\">\n<div class=\"wp-block-group is-layout-constrained wp-block-group-is-layout-constrained\">\n<div style=\"height:34px\" aria-hidden=\"true\" class=\"wp-block-spacer\"><\/div>\n\n\n\n<h1 class=\"wp-block-heading has-text-align-center has-ast-global-color-5-color has-text-color has-link-color wp-elements-3a50810e366b650083337089a5ad43fc\">Contact<\/h1>\n<\/div>\n<\/div>\n\n\n\n<div style=\"height:38px\" aria-hidden=\"true\" class=\"wp-block-spacer\"><\/div>\n\n\n\n<div class=\"wp-block-group is-layout-constrained wp-block-group-is-layout-constrained\">\n<h2 class=\"wp-block-heading\">Besoin d\u2019un renseignement, d\u2019un devis ou d\u2019une intervention ? N\u2019h\u00e9sitez pas \u00e0 me contacter via ce formulaire ou par t\u00e9l\u00e9phone.<\/h2>\n<\/div>\n\n\n\n<div class=\"wp-block-group is-layout-constrained wp-block-group-is-layout-constrained\">\n<div style=\"height:7px\" aria-hidden=\"true\" class=\"wp-block-spacer\"><\/div>\n\n\n\n<div class=\"wp-block-group is-nowrap is-layout-flex wp-container-core-group-is-layout-bd3f9bef wp-block-group-is-layout-flex\">\n<div class=\"wp-block-group is-layout-constrained wp-block-group-is-layout-constrained\">\n<div class=\"wpcf7 no-js\" id=\"wpcf7-f234-o1\" lang=\"fr-FR\" dir=\"ltr\" data-wpcf7-id=\"234\">\n<div class=\"screen-reader-response\"><p role=\"status\" aria-live=\"polite\" aria-atomic=\"true\"><\/p> <ul><\/ul><\/div>\n<form action=\"\/index.php\/wp-json\/wp\/v2\/pages\/229#wpcf7-f234-o1\" method=\"post\" class=\"wpcf7-form init\" aria-label=\"Formulaire de contact\" novalidate=\"novalidate\" data-status=\"init\">\n<fieldset class=\"hidden-fields-container\"><input type=\"hidden\" name=\"_wpcf7\" value=\"234\" \/><input type=\"hidden\" name=\"_wpcf7_version\" value=\"6.1.4\" \/><input type=\"hidden\" name=\"_wpcf7_locale\" value=\"fr_FR\" \/><input type=\"hidden\" name=\"_wpcf7_unit_tag\" value=\"wpcf7-f234-o1\" \/><input type=\"hidden\" name=\"_wpcf7_container_post\" value=\"0\" \/><input type=\"hidden\" name=\"_wpcf7_posted_data_hash\" value=\"\" \/>\n<\/fieldset>\n<p><label> Votre nom<br \/>\n<span class=\"wpcf7-form-control-wrap\" data-name=\"your-name\"><input size=\"40\" maxlength=\"400\" class=\"wpcf7-form-control wpcf7-text wpcf7-validates-as-required\" autocomplete=\"name\" aria-required=\"true\" aria-invalid=\"false\" value=\"\" type=\"text\" name=\"your-name\" \/><\/span> <\/label>\n<\/p>\n<p><label> Votre e-mail<br \/>\n<span class=\"wpcf7-form-control-wrap\" data-name=\"your-email\"><input size=\"40\" maxlength=\"400\" class=\"wpcf7-form-control wpcf7-email wpcf7-validates-as-required wpcf7-text wpcf7-validates-as-email\" autocomplete=\"email\" aria-required=\"true\" aria-invalid=\"false\" value=\"\" type=\"email\" name=\"your-email\" \/><\/span> <\/label>\n<\/p>\n<p><label> Objet<br \/>\n<span class=\"wpcf7-form-control-wrap\" data-name=\"your-subject\"><input size=\"40\" maxlength=\"400\" class=\"wpcf7-form-control wpcf7-text wpcf7-validates-as-required\" aria-required=\"true\" aria-invalid=\"false\" value=\"\" type=\"text\" name=\"your-subject\" \/><\/span> <\/label>\n<\/p>\n<p><label> Votre message (facultatif)<br \/>\n<span class=\"wpcf7-form-control-wrap\" data-name=\"your-message\"><textarea cols=\"40\" rows=\"10\" maxlength=\"2000\" class=\"wpcf7-form-control wpcf7-textarea wpcf7-validates-as-required\" aria-required=\"true\" aria-invalid=\"false\" name=\"your-message\"><\/textarea><\/span> <\/label>\n<\/p>\n<p><span class=\"wpcf7-form-control-wrap\" data-name=\"checkbox-66\"><span class=\"wpcf7-form-control wpcf7-checkbox wpcf7-validates-as-required\"><span class=\"wpcf7-list-item first last\"><label><input type=\"checkbox\" name=\"checkbox-66[]\" value=\"En cochant cette case j&#039;accepte la Politique de confidentialit\u00e9, les Mentions L\u00e9gales et la Politique de cookies.\" \/><span class=\"wpcf7-list-item-label\">En cochant cette case j&#039;accepte la Politique de confidentialit\u00e9, les Mentions L\u00e9gales et la Politique de cookies.<\/span><\/label><\/span><\/span><\/span> <div id=\"cf7sr-69e458532fbf2\" class=\"cf7sr-g-recaptcha\" data-theme=\"light\" data-type=\"image\" data-size=\"normal\" data-sitekey=\"6LeQ2qMpAAAAAKGgZBR_KnnCdEL3bBNxYkxipl8B\"><\/div><span class=\"wpcf7-form-control-wrap cf7sr-recaptcha\" data-name=\"cf7sr-recaptcha\"><input type=\"hidden\" name=\"cf7sr-recaptcha\" value=\"\" class=\"wpcf7-form-control\"><\/span>\n<\/p>\n<p><input class=\"wpcf7-form-control wpcf7-submit has-spinner\" type=\"submit\" value=\"Envoyer\" \/>\n<\/p><div class=\"wpcf7-response-output\" aria-hidden=\"true\"><\/div>\n<\/form>\n<\/div>\n\n<\/div>\n\n\n\n<div class=\"wp-block-group is-layout-constrained wp-block-group-is-layout-constrained\">\n<div class=\"wp-block-group is-content-justification-left is-layout-constrained wp-container-core-group-is-layout-12dd3699 wp-block-group-is-layout-constrained\">\n<div class=\"wp-block-group is-vertical is-layout-flex wp-container-core-group-is-layout-0bc941e6 wp-block-group-is-layout-flex\">\n<div style=\"height:3px\" aria-hidden=\"true\" class=\"wp-block-spacer wp-container-content-8ae7b905\"><\/div>\n\n\n\n<div class=\"wp-block-group is-layout-constrained wp-block-group-is-layout-constrained\">\n<h6 class=\"wp-block-heading\">Mes coordonn\u00e9es<\/h6>\n\n\n\n<p>\ud83d\udcde 06.99.99.57.24<\/p>\n\n\n\n<p>\ud83d\udce7 contact@mpelka-informatique.fr<\/p>\n<\/div>\n\n\n\n<div class=\"wp-block-group is-layout-constrained wp-block-group-is-layout-constrained\">\n<h6 class=\"wp-block-heading\">Mes horaires <\/h6>\n\n\n\n<p>Lundi au Vendredi : 8h30 \u2013 18h<\/p>\n\n\n\n<p>Samedi : 10h \u2013 16h<\/p>\n\n\n\n<p>\ud83d\udea8 <em>Interventions accept\u00e9es en dehors de ces horaires (dimanches, jours f\u00e9ri\u00e9s, soir\u00e9es) au tarif \u00ab urgence \u00bb<\/em><\/p>\n<\/div>\n\n\n\n<div class=\"wp-block-group is-layout-constrained wp-block-group-is-layout-constrained\">\n<h6 class=\"wp-block-heading\">Adresse<\/h6>\n\n\n\n<p><strong>Yutz<\/strong><\/p>\n<\/div>\n\n\n\n<div style=\"height:423px;width:0px\" aria-hidden=\"true\" class=\"wp-block-spacer wp-container-content-53038b65\"><\/div>\n<\/div>\n<\/div>\n<\/div>\n<\/div>\n<\/div>\n\n\n\n<div class=\"wp-block-group is-layout-constrained wp-block-group-is-layout-constrained\" style=\"min-height:180px\">\n<h2 class=\"wp-block-heading\">Besoin d\u2019un renseignement, d\u2019un devis ou d\u2019une intervention ? N\u2019h\u00e9sitez pas \u00e0 me contacter via ce formulaire ou par t\u00e9l\u00e9phone.<\/h2>\n<\/div>\n\n\n\n<div class=\"wp-block-group is-layout-constrained wp-block-group-is-layout-constrained\">\n<div class=\"wp-block-group is-vertical is-layout-flex wp-container-core-group-is-layout-fe9cc265 wp-block-group-is-layout-flex\">\n<div class=\"wp-block-group is-layout-constrained wp-block-group-is-layout-constrained\">\n<div class=\"wpcf7 no-js\" id=\"wpcf7-f234-o2\" lang=\"fr-FR\" dir=\"ltr\" data-wpcf7-id=\"234\">\n<div class=\"screen-reader-response\"><p role=\"status\" aria-live=\"polite\" aria-atomic=\"true\"><\/p> <ul><\/ul><\/div>\n<form action=\"\/index.php\/wp-json\/wp\/v2\/pages\/229#wpcf7-f234-o2\" method=\"post\" class=\"wpcf7-form init\" aria-label=\"Formulaire de contact\" novalidate=\"novalidate\" data-status=\"init\">\n<fieldset class=\"hidden-fields-container\"><input type=\"hidden\" name=\"_wpcf7\" value=\"234\" \/><input type=\"hidden\" name=\"_wpcf7_version\" value=\"6.1.4\" \/><input type=\"hidden\" name=\"_wpcf7_locale\" value=\"fr_FR\" \/><input type=\"hidden\" name=\"_wpcf7_unit_tag\" value=\"wpcf7-f234-o2\" \/><input type=\"hidden\" name=\"_wpcf7_container_post\" value=\"0\" \/><input type=\"hidden\" name=\"_wpcf7_posted_data_hash\" value=\"\" \/>\n<\/fieldset>\n<p><label> Votre nom<br \/>\n<span class=\"wpcf7-form-control-wrap\" data-name=\"your-name\"><input size=\"40\" maxlength=\"400\" class=\"wpcf7-form-control wpcf7-text wpcf7-validates-as-required\" autocomplete=\"name\" aria-required=\"true\" aria-invalid=\"false\" value=\"\" type=\"text\" name=\"your-name\" \/><\/span> <\/label>\n<\/p>\n<p><label> Votre e-mail<br \/>\n<span class=\"wpcf7-form-control-wrap\" data-name=\"your-email\"><input size=\"40\" maxlength=\"400\" class=\"wpcf7-form-control wpcf7-email wpcf7-validates-as-required wpcf7-text wpcf7-validates-as-email\" autocomplete=\"email\" aria-required=\"true\" aria-invalid=\"false\" value=\"\" type=\"email\" name=\"your-email\" \/><\/span> <\/label>\n<\/p>\n<p><label> Objet<br \/>\n<span class=\"wpcf7-form-control-wrap\" data-name=\"your-subject\"><input size=\"40\" maxlength=\"400\" class=\"wpcf7-form-control wpcf7-text wpcf7-validates-as-required\" aria-required=\"true\" aria-invalid=\"false\" value=\"\" type=\"text\" name=\"your-subject\" \/><\/span> <\/label>\n<\/p>\n<p><label> Votre message (facultatif)<br \/>\n<span class=\"wpcf7-form-control-wrap\" data-name=\"your-message\"><textarea cols=\"40\" rows=\"10\" maxlength=\"2000\" class=\"wpcf7-form-control wpcf7-textarea wpcf7-validates-as-required\" aria-required=\"true\" aria-invalid=\"false\" name=\"your-message\"><\/textarea><\/span> <\/label>\n<\/p>\n<p><span class=\"wpcf7-form-control-wrap\" data-name=\"checkbox-66\"><span class=\"wpcf7-form-control wpcf7-checkbox wpcf7-validates-as-required\"><span class=\"wpcf7-list-item first last\"><label><input type=\"checkbox\" name=\"checkbox-66[]\" value=\"En cochant cette case j&#039;accepte la Politique de confidentialit\u00e9, les Mentions L\u00e9gales et la Politique de cookies.\" \/><span class=\"wpcf7-list-item-label\">En cochant cette case j&#039;accepte la Politique de confidentialit\u00e9, les Mentions L\u00e9gales et la Politique de cookies.<\/span><\/label><\/span><\/span><\/span> <div id=\"cf7sr-69e458532ffa5\" class=\"cf7sr-g-recaptcha\" data-theme=\"light\" data-type=\"image\" data-size=\"normal\" data-sitekey=\"6LeQ2qMpAAAAAKGgZBR_KnnCdEL3bBNxYkxipl8B\"><\/div><span class=\"wpcf7-form-control-wrap cf7sr-recaptcha\" data-name=\"cf7sr-recaptcha\"><input type=\"hidden\" name=\"cf7sr-recaptcha\" value=\"\" class=\"wpcf7-form-control\"><\/span>\n<\/p>\n<p><input class=\"wpcf7-form-control wpcf7-submit has-spinner\" type=\"submit\" value=\"Envoyer\" \/>\n<\/p><div class=\"wpcf7-response-output\" aria-hidden=\"true\"><\/div>\n<\/form>\n<\/div>\n\n<\/div>\n\n\n\n<div class=\"wp-block-group is-layout-constrained wp-block-group-is-layout-constrained\">\n<div class=\"wp-block-group is-content-justification-left is-layout-constrained wp-container-core-group-is-layout-12dd3699 wp-block-group-is-layout-constrained\">\n<div class=\"wp-block-group is-vertical is-layout-flex wp-container-core-group-is-layout-0bc941e6 wp-block-group-is-layout-flex\">\n<div class=\"wp-block-group is-layout-constrained wp-block-group-is-layout-constrained\">\n<h6 class=\"wp-block-heading\">Mes coordonn\u00e9es<\/h6>\n\n\n\n<p>\ud83d\udcde 06.99.99.57.24<\/p>\n\n\n\n<p>\ud83d\udce7 contact@mpelka-informatique.fr<\/p>\n<\/div>\n\n\n\n<div class=\"wp-block-group is-layout-constrained wp-block-group-is-layout-constrained\">\n<h6 class=\"wp-block-heading\">Mes horaires <\/h6>\n\n\n\n<p>Lundi au Vendredi : 8h30 \u2013 18h<\/p>\n\n\n\n<p>Samedi : 10h \u2013 16h<\/p>\n\n\n\n<p>\ud83d\udea8 <em>Interventions accept\u00e9es en dehors de ces horaires (dimanches, jours f\u00e9ri\u00e9s, soir\u00e9es) au tarif \u00ab urgence \u00bb<\/em><\/p>\n<\/div>\n\n\n\n<div class=\"wp-block-group is-layout-constrained wp-block-group-is-layout-constrained\">\n<h6 class=\"wp-block-heading\">Adresse<\/h6>\n\n\n\n<p><strong>Yutz<\/strong><\/p>\n<\/div>\n\n\n\n<div style=\"height:423px;width:0px\" aria-hidden=\"true\" class=\"wp-block-spacer wp-container-content-53038b65\"><\/div>\n<\/div>\n<\/div>\n<\/div>\n<\/div>\n<\/div>\n","protected":false},"excerpt":{"rendered":"<p>Contact Besoin d\u2019un renseignement, d\u2019un devis ou d\u2019une intervention ? N\u2019h\u00e9sitez pas \u00e0 me contacter via ce formulaire ou par t\u00e9l\u00e9phone. Mes coordonn\u00e9es \ud83d\udcde 06.99.99.57.24 \ud83d\udce7 contact@mpelka-informatique.fr Mes horaires Lundi au Vendredi : 8h30 \u2013 18h Samedi : 10h \u2013 16h \ud83d\udea8 Interventions accept\u00e9es en dehors de ces horaires (dimanches, jours f\u00e9ri\u00e9s, soir\u00e9es) au tarif [&hellip;]<\/p>\n","protected":false},"author":1,"featured_media":0,"parent":0,"menu_order":0,"comment_status":"closed","ping_status":"closed","template":"","meta":{"site-sidebar-layout":"default","site-content-layout":"","ast-site-content-layout":"default","site-content-style":"default","site-sidebar-style":"default","ast-global-header-display":"","ast-banner-title-visibility":"","ast-main-header-display":"","ast-hfb-above-header-display":"","ast-hfb-below-header-display":"","ast-hfb-mobile-header-display":"","site-post-title":"disabled","ast-breadcrumbs-content":"","ast-featured-img":"","footer-sml-layout":"","ast-disable-related-posts":"","theme-transparent-header-meta":"","adv-header-id-meta":"","stick-header-meta":"","header-above-stick-meta":"","header-main-stick-meta":"","header-below-stick-meta":"","astra-migrate-meta-layouts":"default","ast-page-background-enabled":"default","ast-page-background-meta":{"desktop":{"background-color":"var(--ast-global-color-4)","background-image":"","background-repeat":"repeat","background-position":"center center","background-size":"auto","background-attachment":"scroll","background-type":"","background-media":"","overlay-type":"","overlay-color":"","overlay-opacity":"","overlay-gradient":""},"tablet":{"background-color":"","background-image":"","background-repeat":"repeat","background-position":"center center","background-size":"auto","background-attachment":"scroll","background-type":"","background-media":"","overlay-type":"","overlay-color":"","overlay-opacity":"","overlay-gradient":""},"mobile":{"background-color":"","background-image":"","background-repeat":"repeat","background-position":"center center","background-size":"auto","background-attachment":"scroll","background-type":"","background-media":"","overlay-type":"","overlay-color":"","overlay-opacity":"","overlay-gradient":""}},"ast-content-background-meta":{"desktop":{"background-color":"var(--ast-global-color-5)","background-image":"","background-repeat":"repeat","background-position":"center center","background-size":"auto","background-attachment":"scroll","background-type":"","background-media":"","overlay-type":"","overlay-color":"","overlay-opacity":"","overlay-gradient":""},"tablet":{"background-color":"var(--ast-global-color-5)","background-image":"","background-repeat":"repeat","background-position":"center center","background-size":"auto","background-attachment":"scroll","background-type":"","background-media":"","overlay-type":"","overlay-color":"","overlay-opacity":"","overlay-gradient":""},"mobile":{"background-color":"var(--ast-global-color-5)","background-image":"","background-repeat":"repeat","background-position":"center center","background-size":"auto","background-attachment":"scroll","background-type":"","background-media":"","overlay-type":"","overlay-color":"","overlay-opacity":"","overlay-gradient":""}},"_themeisle_gutenberg_block_has_review":false,"footnotes":""},"class_list":["post-229","page","type-page","status-publish","hentry"],"yoast_head":"<!-- This site is optimized with the Yoast SEO plugin v25.6 - https:\/\/yoast.com\/wordpress\/plugins\/seo\/ -->\n<title>Contact - Mickael Pelka<\/title>\n<meta name=\"robots\" content=\"index, follow, max-snippet:-1, max-image-preview:large, max-video-preview:-1\" \/>\n<link rel=\"canonical\" href=\"https:\/\/mpelka-informatique.fr\/index.php\/contact\/\" \/>\n<meta property=\"og:locale\" content=\"fr_FR\" \/>\n<meta property=\"og:type\" content=\"article\" \/>\n<meta property=\"og:title\" content=\"Contact - Mickael Pelka\" \/>\n<meta property=\"og:description\" content=\"Contact Besoin d\u2019un renseignement, d\u2019un devis ou d\u2019une intervention ? N\u2019h\u00e9sitez pas \u00e0 me contacter via ce formulaire ou par t\u00e9l\u00e9phone. Mes coordonn\u00e9es \ud83d\udcde 06.99.99.57.24 \ud83d\udce7 contact@mpelka-informatique.fr Mes horaires Lundi au Vendredi : 8h30 \u2013 18h Samedi : 10h \u2013 16h \ud83d\udea8 Interventions accept\u00e9es en dehors de ces horaires (dimanches, jours f\u00e9ri\u00e9s, soir\u00e9es) au tarif [&hellip;]\" \/>\n<meta property=\"og:url\" content=\"https:\/\/mpelka-informatique.fr\/index.php\/contact\/\" \/>\n<meta property=\"og:site_name\" content=\"Mickael PELKA | Technicien informatique \u00e0 domicile Thionville - Metz\" \/>\n<meta property=\"article:publisher\" content=\"https:\/\/www.facebook.com\/profile.php?id=61556256224620\" \/>\n<meta property=\"article:modified_time\" content=\"2026-01-14T15:52:58+00:00\" \/>\n<meta name=\"twitter:card\" content=\"summary_large_image\" \/>\n<meta name=\"twitter:label1\" content=\"Dur\u00e9e de lecture estim\u00e9e\" \/>\n\t<meta name=\"twitter:data1\" content=\"1 minute\" \/>\n<script type=\"application\/ld+json\" class=\"yoast-schema-graph\">{\"@context\":\"https:\/\/schema.org\",\"@graph\":[{\"@type\":\"WebPage\",\"@id\":\"https:\/\/mpelka-informatique.fr\/index.php\/contact\/\",\"url\":\"https:\/\/mpelka-informatique.fr\/index.php\/contact\/\",\"name\":\"Contact - Mickael Pelka\",\"isPartOf\":{\"@id\":\"https:\/\/mpelka-informatique.fr\/#website\"},\"datePublished\":\"2024-03-04T16:22:52+00:00\",\"dateModified\":\"2026-01-14T15:52:58+00:00\",\"breadcrumb\":{\"@id\":\"https:\/\/mpelka-informatique.fr\/index.php\/contact\/#breadcrumb\"},\"inLanguage\":\"fr-FR\",\"potentialAction\":[{\"@type\":\"ReadAction\",\"target\":[\"https:\/\/mpelka-informatique.fr\/index.php\/contact\/\"]}]},{\"@type\":\"BreadcrumbList\",\"@id\":\"https:\/\/mpelka-informatique.fr\/index.php\/contact\/#breadcrumb\",\"itemListElement\":[{\"@type\":\"ListItem\",\"position\":1,\"name\":\"Accueil\",\"item\":\"https:\/\/mpelka-informatique.fr\/\"},{\"@type\":\"ListItem\",\"position\":2,\"name\":\"Contact\"}]},{\"@type\":\"WebSite\",\"@id\":\"https:\/\/mpelka-informatique.fr\/#website\",\"url\":\"https:\/\/mpelka-informatique.fr\/\",\"name\":\"Mickael PELKA | Technicien informatique \u00e0 domicile Thionville - Metz\",\"description\":\"\",\"publisher\":{\"@id\":\"https:\/\/mpelka-informatique.fr\/#organization\"},\"potentialAction\":[{\"@type\":\"SearchAction\",\"target\":{\"@type\":\"EntryPoint\",\"urlTemplate\":\"https:\/\/mpelka-informatique.fr\/?s={search_term_string}\"},\"query-input\":{\"@type\":\"PropertyValueSpecification\",\"valueRequired\":true,\"valueName\":\"search_term_string\"}}],\"inLanguage\":\"fr-FR\"},{\"@type\":\"Organization\",\"@id\":\"https:\/\/mpelka-informatique.fr\/#organization\",\"name\":\"Mickael PELKA | Technicien informatique \u00e0 domicile Thionville - Metz\",\"url\":\"https:\/\/mpelka-informatique.fr\/\",\"logo\":{\"@type\":\"ImageObject\",\"inLanguage\":\"fr-FR\",\"@id\":\"https:\/\/mpelka-informatique.fr\/#\/schema\/logo\/image\/\",\"url\":\"https:\/\/mpelka-informatique.fr\/wp-content\/uploads\/2025\/05\/cropped-ChatGPT-Image-14-mai-2025-15_14_10-1.png\",\"contentUrl\":\"https:\/\/mpelka-informatique.fr\/wp-content\/uploads\/2025\/05\/cropped-ChatGPT-Image-14-mai-2025-15_14_10-1.png\",\"width\":512,\"height\":512,\"caption\":\"Mickael PELKA | Technicien informatique \u00e0 domicile Thionville - Metz\"},\"image\":{\"@id\":\"https:\/\/mpelka-informatique.fr\/#\/schema\/logo\/image\/\"},\"sameAs\":[\"https:\/\/www.facebook.com\/profile.php?id=61556256224620\"]}]}<\/script>\n<!-- \/ Yoast SEO plugin. -->","yoast_head_json":{"title":"Contact - Mickael Pelka","robots":{"index":"index","follow":"follow","max-snippet":"max-snippet:-1","max-image-preview":"max-image-preview:large","max-video-preview":"max-video-preview:-1"},"canonical":"https:\/\/mpelka-informatique.fr\/index.php\/contact\/","og_locale":"fr_FR","og_type":"article","og_title":"Contact - Mickael Pelka","og_description":"Contact Besoin d\u2019un renseignement, d\u2019un devis ou d\u2019une intervention ? N\u2019h\u00e9sitez pas \u00e0 me contacter via ce formulaire ou par t\u00e9l\u00e9phone. Mes coordonn\u00e9es \ud83d\udcde 06.99.99.57.24 \ud83d\udce7 contact@mpelka-informatique.fr Mes horaires Lundi au Vendredi : 8h30 \u2013 18h Samedi : 10h \u2013 16h \ud83d\udea8 Interventions accept\u00e9es en dehors de ces horaires (dimanches, jours f\u00e9ri\u00e9s, soir\u00e9es) au tarif [&hellip;]","og_url":"https:\/\/mpelka-informatique.fr\/index.php\/contact\/","og_site_name":"Mickael PELKA | Technicien informatique \u00e0 domicile Thionville - Metz","article_publisher":"https:\/\/www.facebook.com\/profile.php?id=61556256224620","article_modified_time":"2026-01-14T15:52:58+00:00","twitter_card":"summary_large_image","twitter_misc":{"Dur\u00e9e de lecture estim\u00e9e":"1 minute"},"schema":{"@context":"https:\/\/schema.org","@graph":[{"@type":"WebPage","@id":"https:\/\/mpelka-informatique.fr\/index.php\/contact\/","url":"https:\/\/mpelka-informatique.fr\/index.php\/contact\/","name":"Contact - Mickael Pelka","isPartOf":{"@id":"https:\/\/mpelka-informatique.fr\/#website"},"datePublished":"2024-03-04T16:22:52+00:00","dateModified":"2026-01-14T15:52:58+00:00","breadcrumb":{"@id":"https:\/\/mpelka-informatique.fr\/index.php\/contact\/#breadcrumb"},"inLanguage":"fr-FR","potentialAction":[{"@type":"ReadAction","target":["https:\/\/mpelka-informatique.fr\/index.php\/contact\/"]}]},{"@type":"BreadcrumbList","@id":"https:\/\/mpelka-informatique.fr\/index.php\/contact\/#breadcrumb","itemListElement":[{"@type":"ListItem","position":1,"name":"Accueil","item":"https:\/\/mpelka-informatique.fr\/"},{"@type":"ListItem","position":2,"name":"Contact"}]},{"@type":"WebSite","@id":"https:\/\/mpelka-informatique.fr\/#website","url":"https:\/\/mpelka-informatique.fr\/","name":"Mickael PELKA | Technicien informatique \u00e0 domicile Thionville - Metz","description":"","publisher":{"@id":"https:\/\/mpelka-informatique.fr\/#organization"},"potentialAction":[{"@type":"SearchAction","target":{"@type":"EntryPoint","urlTemplate":"https:\/\/mpelka-informatique.fr\/?s={search_term_string}"},"query-input":{"@type":"PropertyValueSpecification","valueRequired":true,"valueName":"search_term_string"}}],"inLanguage":"fr-FR"},{"@type":"Organization","@id":"https:\/\/mpelka-informatique.fr\/#organization","name":"Mickael PELKA | Technicien informatique \u00e0 domicile Thionville - Metz","url":"https:\/\/mpelka-informatique.fr\/","logo":{"@type":"ImageObject","inLanguage":"fr-FR","@id":"https:\/\/mpelka-informatique.fr\/#\/schema\/logo\/image\/","url":"https:\/\/mpelka-informatique.fr\/wp-content\/uploads\/2025\/05\/cropped-ChatGPT-Image-14-mai-2025-15_14_10-1.png","contentUrl":"https:\/\/mpelka-informatique.fr\/wp-content\/uploads\/2025\/05\/cropped-ChatGPT-Image-14-mai-2025-15_14_10-1.png","width":512,"height":512,"caption":"Mickael PELKA | Technicien informatique \u00e0 domicile Thionville - Metz"},"image":{"@id":"https:\/\/mpelka-informatique.fr\/#\/schema\/logo\/image\/"},"sameAs":["https:\/\/www.facebook.com\/profile.php?id=61556256224620"]}]}},"_links":{"self":[{"href":"https:\/\/mpelka-informatique.fr\/index.php\/wp-json\/wp\/v2\/pages\/229","targetHints":{"allow":["GET"]}}],"collection":[{"href":"https:\/\/mpelka-informatique.fr\/index.php\/wp-json\/wp\/v2\/pages"}],"about":[{"href":"https:\/\/mpelka-informatique.fr\/index.php\/wp-json\/wp\/v2\/types\/page"}],"author":[{"embeddable":true,"href":"https:\/\/mpelka-informatique.fr\/index.php\/wp-json\/wp\/v2\/users\/1"}],"replies":[{"embeddable":true,"href":"https:\/\/mpelka-informatique.fr\/index.php\/wp-json\/wp\/v2\/comments?post=229"}],"version-history":[{"count":60,"href":"https:\/\/mpelka-informatique.fr\/index.php\/wp-json\/wp\/v2\/pages\/229\/revisions"}],"predecessor-version":[{"id":2370,"href":"https:\/\/mpelka-informatique.fr\/index.php\/wp-json\/wp\/v2\/pages\/229\/revisions\/2370"}],"wp:attachment":[{"href":"https:\/\/mpelka-informatique.fr\/index.php\/wp-json\/wp\/v2\/media?parent=229"}],"curies":[{"name":"wp","href":"https:\/\/api.w.org\/{rel}","templated":true}]}}