

{"id":1100,"date":"2025-06-07T13:11:15","date_gmt":"2025-06-07T11:11:15","guid":{"rendered":"https:\/\/mpelka-informatique.fr\/?page_id=1100"},"modified":"2026-01-14T17:07:33","modified_gmt":"2026-01-14T16:07:33","slug":"a-propos","status":"publish","type":"page","link":"https:\/\/mpelka-informatique.fr\/index.php\/a-propos\/","title":{"rendered":"\u00c0 propos"},"content":{"rendered":"\n<div class=\"wp-block-group ticss-77bbb353 has-background is-layout-constrained wp-block-group-is-layout-constrained\" style=\"background-color:#2b3a49;min-height:225px\">\n<div style=\"height:34px\" aria-hidden=\"true\" class=\"wp-block-spacer\"><\/div>\n\n\n\n<h1 class=\"wp-block-heading has-text-align-center has-ast-global-color-5-color has-text-color has-link-color wp-elements-f78d3297347391b3db244422a91ce1df\">\u00c0 propos<\/h1>\n<\/div>\n\n\n\n<div class=\"wp-block-group is-layout-constrained wp-block-group-is-layout-constrained\" style=\"min-height:2300px\">\n<h3 class=\"wp-block-heading\"><strong>\u00c0 propos de Mickael Pelka Informatique<\/strong><\/h3>\n\n\n\n<p class=\"ticss-f8fc933f\">Bienvenue sur le site de <strong>Mickael Pelka Informatique<\/strong>, votre interlocuteur de proximit\u00e9 pour tous vos besoins en <strong>d\u00e9pannage informatique<\/strong>, <strong>assistance r\u00e9seau<\/strong> et <strong>services num\u00e9riques<\/strong> \u00e0 <strong>Yutz<\/strong>, en <strong>Moselle<\/strong> et ses environs.<\/p>\n\n\n\n<hr class=\"wp-block-separator has-alpha-channel-opacity\"\/>\n\n\n\n<h3 class=\"wp-block-heading\"><strong>Une passion pour l\u2019informatique depuis toujours<\/strong><\/h3>\n\n\n\n<p class=\"ticss-eb576c9c\">Je m\u2019appelle <strong>Mickael Pelka<\/strong> et je travaille dans l\u2019univers informatique depuis mes d\u00e9buts professionnels. Au fil des ann\u00e9es, j\u2019ai eu la chance d\u2019\u00e9voluer dans diff\u00e9rents secteurs : <strong>r\u00e9paration d\u2019ordinateurs<\/strong>, <strong>t\u00e9l\u00e9phonie fixe et mobile<\/strong>, <strong>raccordement fibre optique<\/strong> et <strong>administration r\u00e9seau<\/strong>. Cette diversit\u00e9 m\u2019a permis d\u2019acqu\u00e9rir des comp\u00e9tences solides et de d\u00e9velopper un sens du service client particuli\u00e8rement important pour moi.<\/p>\n\n\n\n<p class=\"ticss-a62484e1\">C\u2019est en <strong>novembre 2023<\/strong> que j\u2019ai d\u00e9cid\u00e9 de cr\u00e9er <strong>Mickael Pelka Informatique<\/strong>, afin de proposer \u00e0 mes clients un service de proximit\u00e9, accessible, honn\u00eate et flexible, en accord avec mes valeurs personnelles.<\/p>\n\n\n\n<hr class=\"wp-block-separator has-alpha-channel-opacity\"\/>\n\n\n\n<h3 class=\"wp-block-heading\"><strong>Pourquoi avoir choisi de me lancer \u00e0 mon compte ?<\/strong><\/h3>\n\n\n\n<p class=\"ticss-d7770c17\">Au-del\u00e0 de la passion, ce projet est avant tout n\u00e9 de l\u2019envie d\u2019offrir un accompagnement personnalis\u00e9 et de qualit\u00e9 \u00e0 chaque personne qui me sollicite. En tant qu\u2019ind\u00e9pendant, je peux aujourd\u2019hui :<\/p>\n\n\n\n<ul class=\"wp-block-list\">\n<li class=\"ticss-6f7e7b2b\"><strong>prendre le temps de comprendre les besoins<\/strong> de mes clients,<\/li>\n\n\n\n<li class=\"ticss-596e83a3\"><strong>leur proposer des solutions adapt\u00e9es \u00e0 leur budget et \u00e0 leurs attentes<\/strong>,<\/li>\n\n\n\n<li class=\"ticss-93784ae0\">et surtout, rester totalement transparent sur le diagnostic, les tarifs et les interventions \u00e0 r\u00e9aliser.<\/li>\n<\/ul>\n\n\n\n<p class=\"ticss-3509f85c\">J\u2019aime me sentir utile, d\u00e9panner et conseiller, et c\u2019est cette proximit\u00e9 qui me motive \u00e0 donner le meilleur de moi-m\u00eame \u00e0 chaque intervention.<\/p>\n\n\n\n<hr class=\"wp-block-separator has-alpha-channel-opacity\"\/>\n\n\n\n<h3 class=\"wp-block-heading\"><strong>Mes comp\u00e9tences et prestations informatiques<\/strong><\/h3>\n\n\n\n<p class=\"ticss-49e73505\">Je propose une large gamme de services en <strong>informatique<\/strong> et <strong>r\u00e9seau<\/strong>, aussi bien pour les <strong>particuliers<\/strong>, les <strong>professionnels<\/strong> que les <strong>associations<\/strong>. Mon objectif est de r\u00e9pondre aux demandes courantes comme aux situations plus techniques.<\/p>\n\n\n\n<p><strong>Quelques-unes de mes prestations :<\/strong><\/p>\n\n\n\n<ul class=\"wp-block-list\">\n<li>\ud83d\udda5\ufe0f <strong>D\u00e9pannage et r\u00e9paration d\u2019ordinateurs<\/strong> (PC fixes et portables)<\/li>\n\n\n\n<li>\ud83d\udcbe <strong>R\u00e9cup\u00e9ration de donn\u00e9es<\/strong> sur disques durs, cl\u00e9s USB et cartes SD<\/li>\n\n\n\n<li>\ud83d\udd27 <strong>Diagnostic mat\u00e9riel et logiciel<\/strong><\/li>\n\n\n\n<li>\ud83c\udf10 <strong>Installation et d\u00e9pannage de r\u00e9seaux domestiques et professionnels<\/strong><\/li>\n\n\n\n<li>\ud83d\udee1\ufe0f <strong>S\u00e9curisation et param\u00e9trage r\u00e9seau<\/strong><\/li>\n\n\n\n<li>\ud83d\udce6 <strong>Installation de syst\u00e8mes d\u2019exploitation et logiciels<\/strong><\/li>\n\n\n\n<li>\ud83d\udce1 <strong>Configuration de box internet, routeurs, r\u00e9p\u00e9teurs Wi-Fi et \u00e9quipements connect\u00e9s<\/strong><\/li>\n\n\n\n<li>\ud83c\udfe0 <strong>Intervention sur site ou \u00e0 distance<\/strong><\/li>\n<\/ul>\n\n\n\n<p class=\"ticss-5d8704e8\">Chaque demande fait l\u2019objet d\u2019un <strong>devis gratuit et sans engagement<\/strong>, permettant au client de conna\u00eetre pr\u00e9cis\u00e9ment le tarif avant toute intervention.<\/p>\n\n\n\n<hr class=\"wp-block-separator has-alpha-channel-opacity\"\/>\n\n\n\n<h3 class=\"wp-block-heading\"><strong>Une approche humaine et professionnelle<\/strong><\/h3>\n\n\n\n<p class=\"ticss-6e69bbec\">Mon m\u00e9tier, je l\u2019exerce avec le souci permanent de la <strong>satisfaction client<\/strong>. Je veille \u00e0 \u00eatre <strong>accessible<\/strong>, \u00e0 vulgariser l\u2019informatique lorsque c\u2019est n\u00e9cessaire, sans jamais sous-estimer l\u2019importance d\u2019un probl\u00e8me, m\u00eame s\u2019il para\u00eet anodin.<\/p>\n\n\n\n<p class=\"ticss-95f374f6\">Je privil\u00e9gie le <strong>dialogue<\/strong>, le <strong>partage de conseils<\/strong> et je m\u2019efforce d\u2019\u00eatre le plus <strong>p\u00e9dagogue<\/strong> possible lors de mes interventions. Cette approche permet \u00e0 mes clients de mieux comprendre l\u2019origine d\u2019une panne ou d\u2019un dysfonctionnement et d\u2019adopter de bons r\u00e9flexes pour pr\u00e9server leur mat\u00e9riel et leurs donn\u00e9es.<\/p>\n\n\n\n<hr class=\"wp-block-separator has-alpha-channel-opacity\"\/>\n\n\n\n<h3 class=\"wp-block-heading\">Pourquoi choisir Mickael Pelka Informatique ?<\/h3>\n\n\n\n<ul class=\"wp-block-list\">\n<li class=\"ticss-2c320499\"><strong>Disponibilit\u00e9 locale et rapidit\u00e9 d\u2019intervention<\/strong><br>Bas\u00e9 \u00e0 Yutz, j\u2019interviens dans un rayon de 50 km pour un service rapide et proche de vous.<\/li>\n<\/ul>\n\n\n\n<ul class=\"wp-block-list\">\n<li class=\"ticss-1678efed\"><strong>Une approche humaine et transparente<\/strong><br>Je prends le temps d\u2019expliquer chaque intervention, pour que vous compreniez ce qui se passe, sans jargon compliqu\u00e9 ni surprises sur la facture.<\/li>\n<\/ul>\n\n\n\n<ul class=\"wp-block-list\">\n<li class=\"ticss-c028e42c\"><strong>Un service personnalis\u00e9 et \u00e0 l\u2019\u00e9coute<\/strong><br>Chaque situation est unique. J\u2019adapte mes solutions \u00e0 vos besoins, votre budget, et votre niveau de connaissance informatique.<\/li>\n<\/ul>\n\n\n\n<ul class=\"wp-block-list\">\n<li class=\"ticss-cb60ba6d\"><strong>La s\u00e9curit\u00e9 et la confidentialit\u00e9 au c\u0153ur de mes interventions<\/strong><br>Je prot\u00e8ge vos donn\u00e9es et vous conseille sur les bonnes pratiques pour \u00e9viter les infections ou les pertes de donn\u00e9es.<\/li>\n<\/ul>\n\n\n\n<ul class=\"wp-block-list\">\n<li class=\"ticss-265f0244\"><strong>Une exp\u00e9rience solide et polyvalente<\/strong><br>Form\u00e9 en s\u00e9curit\u00e9 r\u00e9seau, avec plusieurs ann\u00e9es en installation\/d\u00e9pannage informatique, fibre optique, t\u00e9l\u00e9phonie et administration r\u00e9seau, je peux intervenir sur une large gamme de probl\u00e9matiques.<\/li>\n<\/ul>\n\n\n\n<h3 class=\"wp-block-heading\"><strong>Zone d\u2019intervention<\/strong><\/h3>\n\n\n\n<p class=\"ticss-3c9ea585\">Bas\u00e9 \u00e0 <strong>Yutz<\/strong>, j\u2019interviens dans un rayon de <strong>50 km<\/strong> : <strong>Thionville<\/strong>, <strong>Fameck<\/strong>, <strong>Metz<\/strong>, <strong>Hayange<\/strong>, <strong>Hettange-Grande<\/strong>, et les communes alentours. Pour certaines prestations, je propose \u00e9galement des interventions \u00e0 distance partout en France.<\/p>\n<\/div>\n\n\n\n<p><\/p>\n","protected":false},"excerpt":{"rendered":"<p>\u00c0 propos \u00c0 propos de Mickael Pelka Informatique Bienvenue sur le site de Mickael Pelka Informatique, votre interlocuteur de proximit\u00e9 pour tous vos besoins en d\u00e9pannage informatique, assistance r\u00e9seau et services num\u00e9riques \u00e0 Yutz, en Moselle et ses environs. Une passion pour l\u2019informatique depuis toujours Je m\u2019appelle Mickael Pelka et je travaille dans l\u2019univers informatique [&hellip;]<\/p>\n","protected":false},"author":1,"featured_media":0,"parent":0,"menu_order":0,"comment_status":"closed","ping_status":"closed","template":"","meta":{"site-sidebar-layout":"default","site-content-layout":"","ast-site-content-layout":"","site-content-style":"default","site-sidebar-style":"default","ast-global-header-display":"","ast-banner-title-visibility":"","ast-main-header-display":"","ast-hfb-above-header-display":"","ast-hfb-below-header-display":"","ast-hfb-mobile-header-display":"","site-post-title":"disabled","ast-breadcrumbs-content":"","ast-featured-img":"","footer-sml-layout":"","ast-disable-related-posts":"","theme-transparent-header-meta":"","adv-header-id-meta":"","stick-header-meta":"","header-above-stick-meta":"","header-main-stick-meta":"","header-below-stick-meta":"","astra-migrate-meta-layouts":"default","ast-page-background-enabled":"default","ast-page-background-meta":{"desktop":{"background-color":"var(--ast-global-color-4)","background-image":"","background-repeat":"repeat","background-position":"center center","background-size":"auto","background-attachment":"scroll","background-type":"","background-media":"","overlay-type":"","overlay-color":"","overlay-opacity":"","overlay-gradient":""},"tablet":{"background-color":"","background-image":"","background-repeat":"repeat","background-position":"center center","background-size":"auto","background-attachment":"scroll","background-type":"","background-media":"","overlay-type":"","overlay-color":"","overlay-opacity":"","overlay-gradient":""},"mobile":{"background-color":"","background-image":"","background-repeat":"repeat","background-position":"center center","background-size":"auto","background-attachment":"scroll","background-type":"","background-media":"","overlay-type":"","overlay-color":"","overlay-opacity":"","overlay-gradient":""}},"ast-content-background-meta":{"desktop":{"background-color":"var(--ast-global-color-5)","background-image":"","background-repeat":"repeat","background-position":"center center","background-size":"auto","background-attachment":"scroll","background-type":"","background-media":"","overlay-type":"","overlay-color":"","overlay-opacity":"","overlay-gradient":""},"tablet":{"background-color":"var(--ast-global-color-5)","background-image":"","background-repeat":"repeat","background-position":"center center","background-size":"auto","background-attachment":"scroll","background-type":"","background-media":"","overlay-type":"","overlay-color":"","overlay-opacity":"","overlay-gradient":""},"mobile":{"background-color":"var(--ast-global-color-5)","background-image":"","background-repeat":"repeat","background-position":"center center","background-size":"auto","background-attachment":"scroll","background-type":"","background-media":"","overlay-type":"","overlay-color":"","overlay-opacity":"","overlay-gradient":""}},"_themeisle_gutenberg_block_has_review":false,"footnotes":""},"class_list":["post-1100","page","type-page","status-publish","hentry"],"yoast_head":"<!-- This site is optimized with the Yoast SEO plugin v25.6 - https:\/\/yoast.com\/wordpress\/plugins\/seo\/ -->\n<title>\u00c0 propos - Mickael Pelka Informatique votre sp\u00e9cialiste local \u00e0 Yutz - Mickael PELKA | Technicien informatique \u00e0 domicile Thionville - Metz<\/title>\n<meta name=\"description\" content=\"D\u00e9couvrez Mickael Pelka Informatique, votre sp\u00e9cialiste local \u00e0 Yutz pour d\u00e9pannage informatique, r\u00e9seau et s\u00e9curit\u00e9...\" \/>\n<meta name=\"robots\" content=\"index, follow, max-snippet:-1, max-image-preview:large, max-video-preview:-1\" \/>\n<link rel=\"canonical\" href=\"https:\/\/mpelka-informatique.fr\/index.php\/a-propos\/\" \/>\n<meta property=\"og:locale\" content=\"fr_FR\" \/>\n<meta property=\"og:type\" content=\"article\" \/>\n<meta property=\"og:title\" content=\"\u00c0 propos - Mickael Pelka Informatique votre sp\u00e9cialiste local \u00e0 Yutz - Mickael PELKA | Technicien informatique \u00e0 domicile Thionville - Metz\" \/>\n<meta property=\"og:description\" content=\"D\u00e9couvrez Mickael Pelka Informatique, votre sp\u00e9cialiste local \u00e0 Yutz pour d\u00e9pannage informatique, r\u00e9seau et s\u00e9curit\u00e9...\" \/>\n<meta property=\"og:url\" content=\"https:\/\/mpelka-informatique.fr\/index.php\/a-propos\/\" \/>\n<meta property=\"og:site_name\" content=\"Mickael PELKA | Technicien informatique \u00e0 domicile Thionville - Metz\" \/>\n<meta property=\"article:publisher\" content=\"https:\/\/www.facebook.com\/profile.php?id=61556256224620\" \/>\n<meta property=\"article:modified_time\" content=\"2026-01-14T16:07:33+00:00\" \/>\n<meta name=\"twitter:card\" content=\"summary_large_image\" \/>\n<meta name=\"twitter:label1\" content=\"Dur\u00e9e de lecture estim\u00e9e\" \/>\n\t<meta name=\"twitter:data1\" content=\"4 minutes\" \/>\n<script type=\"application\/ld+json\" class=\"yoast-schema-graph\">{\"@context\":\"https:\/\/schema.org\",\"@graph\":[{\"@type\":\"WebPage\",\"@id\":\"https:\/\/mpelka-informatique.fr\/index.php\/a-propos\/\",\"url\":\"https:\/\/mpelka-informatique.fr\/index.php\/a-propos\/\",\"name\":\"\u00c0 propos - Mickael Pelka Informatique votre sp\u00e9cialiste local \u00e0 Yutz - Mickael PELKA | Technicien informatique \u00e0 domicile Thionville - Metz\",\"isPartOf\":{\"@id\":\"https:\/\/mpelka-informatique.fr\/#website\"},\"datePublished\":\"2025-06-07T11:11:15+00:00\",\"dateModified\":\"2026-01-14T16:07:33+00:00\",\"description\":\"D\u00e9couvrez Mickael Pelka Informatique, votre sp\u00e9cialiste local \u00e0 Yutz pour d\u00e9pannage informatique, r\u00e9seau et s\u00e9curit\u00e9...\",\"breadcrumb\":{\"@id\":\"https:\/\/mpelka-informatique.fr\/index.php\/a-propos\/#breadcrumb\"},\"inLanguage\":\"fr-FR\",\"potentialAction\":[{\"@type\":\"ReadAction\",\"target\":[\"https:\/\/mpelka-informatique.fr\/index.php\/a-propos\/\"]}]},{\"@type\":\"BreadcrumbList\",\"@id\":\"https:\/\/mpelka-informatique.fr\/index.php\/a-propos\/#breadcrumb\",\"itemListElement\":[{\"@type\":\"ListItem\",\"position\":1,\"name\":\"Accueil\",\"item\":\"https:\/\/mpelka-informatique.fr\/\"},{\"@type\":\"ListItem\",\"position\":2,\"name\":\"\u00c0 propos\"}]},{\"@type\":\"WebSite\",\"@id\":\"https:\/\/mpelka-informatique.fr\/#website\",\"url\":\"https:\/\/mpelka-informatique.fr\/\",\"name\":\"Mickael PELKA | Technicien informatique \u00e0 domicile Thionville - Metz\",\"description\":\"\",\"publisher\":{\"@id\":\"https:\/\/mpelka-informatique.fr\/#organization\"},\"potentialAction\":[{\"@type\":\"SearchAction\",\"target\":{\"@type\":\"EntryPoint\",\"urlTemplate\":\"https:\/\/mpelka-informatique.fr\/?s={search_term_string}\"},\"query-input\":{\"@type\":\"PropertyValueSpecification\",\"valueRequired\":true,\"valueName\":\"search_term_string\"}}],\"inLanguage\":\"fr-FR\"},{\"@type\":\"Organization\",\"@id\":\"https:\/\/mpelka-informatique.fr\/#organization\",\"name\":\"Mickael PELKA | Technicien informatique \u00e0 domicile Thionville - Metz\",\"url\":\"https:\/\/mpelka-informatique.fr\/\",\"logo\":{\"@type\":\"ImageObject\",\"inLanguage\":\"fr-FR\",\"@id\":\"https:\/\/mpelka-informatique.fr\/#\/schema\/logo\/image\/\",\"url\":\"https:\/\/mpelka-informatique.fr\/wp-content\/uploads\/2025\/05\/cropped-ChatGPT-Image-14-mai-2025-15_14_10-1.png\",\"contentUrl\":\"https:\/\/mpelka-informatique.fr\/wp-content\/uploads\/2025\/05\/cropped-ChatGPT-Image-14-mai-2025-15_14_10-1.png\",\"width\":512,\"height\":512,\"caption\":\"Mickael PELKA | Technicien informatique \u00e0 domicile Thionville - Metz\"},\"image\":{\"@id\":\"https:\/\/mpelka-informatique.fr\/#\/schema\/logo\/image\/\"},\"sameAs\":[\"https:\/\/www.facebook.com\/profile.php?id=61556256224620\"]}]}<\/script>\n<!-- \/ Yoast SEO plugin. -->","yoast_head_json":{"title":"\u00c0 propos - Mickael Pelka Informatique votre sp\u00e9cialiste local \u00e0 Yutz - Mickael PELKA | Technicien informatique \u00e0 domicile Thionville - Metz","description":"D\u00e9couvrez Mickael Pelka Informatique, votre sp\u00e9cialiste local \u00e0 Yutz pour d\u00e9pannage informatique, r\u00e9seau et s\u00e9curit\u00e9...","robots":{"index":"index","follow":"follow","max-snippet":"max-snippet:-1","max-image-preview":"max-image-preview:large","max-video-preview":"max-video-preview:-1"},"canonical":"https:\/\/mpelka-informatique.fr\/index.php\/a-propos\/","og_locale":"fr_FR","og_type":"article","og_title":"\u00c0 propos - Mickael Pelka Informatique votre sp\u00e9cialiste local \u00e0 Yutz - Mickael PELKA | Technicien informatique \u00e0 domicile Thionville - Metz","og_description":"D\u00e9couvrez Mickael Pelka Informatique, votre sp\u00e9cialiste local \u00e0 Yutz pour d\u00e9pannage informatique, r\u00e9seau et s\u00e9curit\u00e9...","og_url":"https:\/\/mpelka-informatique.fr\/index.php\/a-propos\/","og_site_name":"Mickael PELKA | Technicien informatique \u00e0 domicile Thionville - Metz","article_publisher":"https:\/\/www.facebook.com\/profile.php?id=61556256224620","article_modified_time":"2026-01-14T16:07:33+00:00","twitter_card":"summary_large_image","twitter_misc":{"Dur\u00e9e de lecture estim\u00e9e":"4 minutes"},"schema":{"@context":"https:\/\/schema.org","@graph":[{"@type":"WebPage","@id":"https:\/\/mpelka-informatique.fr\/index.php\/a-propos\/","url":"https:\/\/mpelka-informatique.fr\/index.php\/a-propos\/","name":"\u00c0 propos - Mickael Pelka Informatique votre sp\u00e9cialiste local \u00e0 Yutz - Mickael PELKA | Technicien informatique \u00e0 domicile Thionville - Metz","isPartOf":{"@id":"https:\/\/mpelka-informatique.fr\/#website"},"datePublished":"2025-06-07T11:11:15+00:00","dateModified":"2026-01-14T16:07:33+00:00","description":"D\u00e9couvrez Mickael Pelka Informatique, votre sp\u00e9cialiste local \u00e0 Yutz pour d\u00e9pannage informatique, r\u00e9seau et s\u00e9curit\u00e9...","breadcrumb":{"@id":"https:\/\/mpelka-informatique.fr\/index.php\/a-propos\/#breadcrumb"},"inLanguage":"fr-FR","potentialAction":[{"@type":"ReadAction","target":["https:\/\/mpelka-informatique.fr\/index.php\/a-propos\/"]}]},{"@type":"BreadcrumbList","@id":"https:\/\/mpelka-informatique.fr\/index.php\/a-propos\/#breadcrumb","itemListElement":[{"@type":"ListItem","position":1,"name":"Accueil","item":"https:\/\/mpelka-informatique.fr\/"},{"@type":"ListItem","position":2,"name":"\u00c0 propos"}]},{"@type":"WebSite","@id":"https:\/\/mpelka-informatique.fr\/#website","url":"https:\/\/mpelka-informatique.fr\/","name":"Mickael PELKA | Technicien informatique \u00e0 domicile Thionville - Metz","description":"","publisher":{"@id":"https:\/\/mpelka-informatique.fr\/#organization"},"potentialAction":[{"@type":"SearchAction","target":{"@type":"EntryPoint","urlTemplate":"https:\/\/mpelka-informatique.fr\/?s={search_term_string}"},"query-input":{"@type":"PropertyValueSpecification","valueRequired":true,"valueName":"search_term_string"}}],"inLanguage":"fr-FR"},{"@type":"Organization","@id":"https:\/\/mpelka-informatique.fr\/#organization","name":"Mickael PELKA | Technicien informatique \u00e0 domicile Thionville - Metz","url":"https:\/\/mpelka-informatique.fr\/","logo":{"@type":"ImageObject","inLanguage":"fr-FR","@id":"https:\/\/mpelka-informatique.fr\/#\/schema\/logo\/image\/","url":"https:\/\/mpelka-informatique.fr\/wp-content\/uploads\/2025\/05\/cropped-ChatGPT-Image-14-mai-2025-15_14_10-1.png","contentUrl":"https:\/\/mpelka-informatique.fr\/wp-content\/uploads\/2025\/05\/cropped-ChatGPT-Image-14-mai-2025-15_14_10-1.png","width":512,"height":512,"caption":"Mickael PELKA | Technicien informatique \u00e0 domicile Thionville - Metz"},"image":{"@id":"https:\/\/mpelka-informatique.fr\/#\/schema\/logo\/image\/"},"sameAs":["https:\/\/www.facebook.com\/profile.php?id=61556256224620"]}]}},"_links":{"self":[{"href":"https:\/\/mpelka-informatique.fr\/index.php\/wp-json\/wp\/v2\/pages\/1100","targetHints":{"allow":["GET"]}}],"collection":[{"href":"https:\/\/mpelka-informatique.fr\/index.php\/wp-json\/wp\/v2\/pages"}],"about":[{"href":"https:\/\/mpelka-informatique.fr\/index.php\/wp-json\/wp\/v2\/types\/page"}],"author":[{"embeddable":true,"href":"https:\/\/mpelka-informatique.fr\/index.php\/wp-json\/wp\/v2\/users\/1"}],"replies":[{"embeddable":true,"href":"https:\/\/mpelka-informatique.fr\/index.php\/wp-json\/wp\/v2\/comments?post=1100"}],"version-history":[{"count":16,"href":"https:\/\/mpelka-informatique.fr\/index.php\/wp-json\/wp\/v2\/pages\/1100\/revisions"}],"predecessor-version":[{"id":2384,"href":"https:\/\/mpelka-informatique.fr\/index.php\/wp-json\/wp\/v2\/pages\/1100\/revisions\/2384"}],"wp:attachment":[{"href":"https:\/\/mpelka-informatique.fr\/index.php\/wp-json\/wp\/v2\/media?parent=1100"}],"curies":[{"name":"wp","href":"https:\/\/api.w.org\/{rel}","templated":true}]}}